{"id":4,"date":"2018-02-27T10:21:15","date_gmt":"2018-02-27T10:21:15","guid":{"rendered":"http:\/\/aus-liebe-zum-pferd.de\/?page_id=4"},"modified":"2020-03-03T15:05:15","modified_gmt":"2020-03-03T15:05:15","slug":"aus-liebe-zum-pferd","status":"publish","type":"page","link":"https:\/\/aus-liebe-zum-pferd.de\/","title":{"rendered":"Aus Liebe zum Pferd"},"content":{"rendered":"\n<p>&#8222;Aus Liebe zum Pferd&#8220; war und ist unser Motto im Umgang mit unseren Tieren. Wir haben uns der artgerechten Tierhaltung verschrieben.<\/p>\n\n\n\n<p>Artgerecht bedeutet, da\u00df die artspezifischen Bed\u00fcrfnisse der Pferde auch bei der Haltung in einer zivilisierten und kultivierten Umgebung m\u00f6glichst gut erf\u00fcllt werden. Dies haben wir in unserem Stall, den wir inzwischen abgegeben haben, \u00fcber 20 Jahre vorgelebt.<\/p>\n\n\n\n<p>Unser Anliegen einer artgerechten Tierhaltung setzen wir auch bei der Haltung anderer Tiere um. So haben unsere Hennen einen halben Tag freien Auslauf \u00fcber den ganzen Hof und die angrenzenden Fl\u00e4chen. Den Vormittag m\u00fcssen sie im Gehege um ihren Stall verbringen, weil sich sonst die Eiersuche zu schwierig gestaltet.<\/p>\n\n\n\n<div class=\"alignnormal\"><div id=\"metaslider-id-605\" style=\"width: 100%;\" class=\"ml-slider-3-20-2 metaslider metaslider-flex metaslider-605 ml-slider\">\n    <div id=\"metaslider_container_605\">\n        <div id=\"metaslider_605\">\n            <ul aria-live=\"polite\" class=\"slides\">\n                <li style=\"display: block; width: 100%;\" class=\"slide-759 ms-image\"><img width=\"1024\" height=\"768\" src=\"https:\/\/aus-liebe-zum-pferd.de\/wp-content\/uploads\/2020\/03\/DSC04688.jpg\" class=\"slider-605 slide-759\" alt=\"Clara\" loading=\"lazy\" rel=\"\" title=\"Clara\" style=\"margin: 0 auto; width: 100%\" srcset=\"https:\/\/aus-liebe-zum-pferd.de\/wp-content\/uploads\/2020\/03\/DSC04688.jpg 1024w, https:\/\/aus-liebe-zum-pferd.de\/wp-content\/uploads\/2020\/03\/DSC04688-300x225.jpg 300w, https:\/\/aus-liebe-zum-pferd.de\/wp-content\/uploads\/2020\/03\/DSC04688-768x576.jpg 768w\" sizes=\"(max-width: 1024px) 100vw, 1024px\" \/><div class=\"caption-wrap\"><div class=\"caption\">Hofkatze Clara<\/div><\/div><\/li>\n                <li style=\"display: none; width: 100%;\" class=\"slide-760 ms-image\"><img width=\"2560\" height=\"1920\" src=\"https:\/\/aus-liebe-zum-pferd.de\/wp-content\/uploads\/2020\/03\/1024-scaled.jpg\" class=\"slider-605 slide-760\" alt=\"Kyra\" loading=\"lazy\" rel=\"\" title=\"Kyra\" style=\"margin: 0 auto; width: 100%\" srcset=\"https:\/\/aus-liebe-zum-pferd.de\/wp-content\/uploads\/2020\/03\/1024-scaled.jpg 2560w, https:\/\/aus-liebe-zum-pferd.de\/wp-content\/uploads\/2020\/03\/1024-300x225.jpg 300w, https:\/\/aus-liebe-zum-pferd.de\/wp-content\/uploads\/2020\/03\/1024-1024x768.jpg 1024w, https:\/\/aus-liebe-zum-pferd.de\/wp-content\/uploads\/2020\/03\/1024-768x576.jpg 768w, https:\/\/aus-liebe-zum-pferd.de\/wp-content\/uploads\/2020\/03\/1024-1536x1152.jpg 1536w, https:\/\/aus-liebe-zum-pferd.de\/wp-content\/uploads\/2020\/03\/1024-2048x1536.jpg 2048w\" sizes=\"(max-width: 2560px) 100vw, 2560px\" \/><div class=\"caption-wrap\"><div class=\"caption\">Kyra - Freiheit am Meer<\/div><\/div><\/li>\n                <li style=\"display: none; width: 100%;\" class=\"slide-768 ms-image\"><img width=\"1063\" height=\"768\" src=\"https:\/\/aus-liebe-zum-pferd.de\/wp-content\/uploads\/2020\/03\/DSC03587-1.jpg\" class=\"slider-605 slide-768\" alt=\"H\u00fchner\" loading=\"lazy\" rel=\"\" title=\"H\u00fchner\" style=\"margin-top: 1.3758231420508%\" srcset=\"https:\/\/aus-liebe-zum-pferd.de\/wp-content\/uploads\/2020\/03\/DSC03587-1.jpg 1063w, https:\/\/aus-liebe-zum-pferd.de\/wp-content\/uploads\/2020\/03\/DSC03587-1-300x217.jpg 300w, https:\/\/aus-liebe-zum-pferd.de\/wp-content\/uploads\/2020\/03\/DSC03587-1-1024x740.jpg 1024w, https:\/\/aus-liebe-zum-pferd.de\/wp-content\/uploads\/2020\/03\/DSC03587-1-768x555.jpg 768w\" sizes=\"(max-width: 1063px) 100vw, 1063px\" \/><div class=\"caption-wrap\"><div class=\"caption\">freilaufende H\u00fchner<\/div><\/div><\/li>\n                <li style=\"display: none; width: 100%;\" class=\"slide-769 ms-image\"><img width=\"1152\" height=\"768\" src=\"https:\/\/aus-liebe-zum-pferd.de\/wp-content\/uploads\/2020\/03\/IMG_6497-1.jpg\" class=\"slider-605 slide-769\" alt=\"H\u00fchner\" loading=\"lazy\" rel=\"\" title=\"H\u00fchner\" style=\"margin-top: 4.1666666666667%\" srcset=\"https:\/\/aus-liebe-zum-pferd.de\/wp-content\/uploads\/2020\/03\/IMG_6497-1.jpg 1152w, https:\/\/aus-liebe-zum-pferd.de\/wp-content\/uploads\/2020\/03\/IMG_6497-1-300x200.jpg 300w, https:\/\/aus-liebe-zum-pferd.de\/wp-content\/uploads\/2020\/03\/IMG_6497-1-1024x683.jpg 1024w, https:\/\/aus-liebe-zum-pferd.de\/wp-content\/uploads\/2020\/03\/IMG_6497-1-768x512.jpg 768w\" sizes=\"(max-width: 1152px) 100vw, 1152px\" \/><div class=\"caption-wrap\"><div class=\"caption\">freilaufende H\u00fchner<\/div><\/div><\/li>\n                <li style=\"display: none; width: 100%;\" class=\"slide-770 ms-image\"><img width=\"1024\" height=\"768\" src=\"https:\/\/aus-liebe-zum-pferd.de\/wp-content\/uploads\/2020\/03\/DSC04115.jpg\" class=\"slider-605 slide-770\" alt=\"H\u00fchner\" loading=\"lazy\" rel=\"\" title=\"H\u00fchner\" style=\"margin: 0 auto; width: 100%\" srcset=\"https:\/\/aus-liebe-zum-pferd.de\/wp-content\/uploads\/2020\/03\/DSC04115.jpg 1024w, https:\/\/aus-liebe-zum-pferd.de\/wp-content\/uploads\/2020\/03\/DSC04115-300x225.jpg 300w, https:\/\/aus-liebe-zum-pferd.de\/wp-content\/uploads\/2020\/03\/DSC04115-768x576.jpg 768w\" sizes=\"(max-width: 1024px) 100vw, 1024px\" \/><div class=\"caption-wrap\"><div class=\"caption\">freilaufende H\u00fchner<\/div><\/div><\/li>\n                <li style=\"display: none; width: 100%;\" class=\"slide-771 ms-image\"><img width=\"1024\" height=\"768\" src=\"https:\/\/aus-liebe-zum-pferd.de\/wp-content\/uploads\/2020\/03\/DSC04601-1.jpg\" class=\"slider-605 slide-771\" alt=\"Theo\" loading=\"lazy\" rel=\"\" title=\"Theo\" style=\"margin: 0 auto; width: 100%\" srcset=\"https:\/\/aus-liebe-zum-pferd.de\/wp-content\/uploads\/2020\/03\/DSC04601-1.jpg 1024w, https:\/\/aus-liebe-zum-pferd.de\/wp-content\/uploads\/2020\/03\/DSC04601-1-300x225.jpg 300w, https:\/\/aus-liebe-zum-pferd.de\/wp-content\/uploads\/2020\/03\/DSC04601-1-768x576.jpg 768w\" sizes=\"(max-width: 1024px) 100vw, 1024px\" \/><div class=\"caption-wrap\"><div class=\"caption\">Theo hat Durst<\/div><\/div><\/li>\n                <li style=\"display: none; width: 100%;\" class=\"slide-772 ms-image\"><img width=\"1024\" height=\"768\" src=\"https:\/\/aus-liebe-zum-pferd.de\/wp-content\/uploads\/2020\/03\/DSC04608.jpg\" class=\"slider-605 slide-772\" alt=\"Theo\" loading=\"lazy\" rel=\"\" title=\"Theo\" style=\"margin: 0 auto; width: 100%\" srcset=\"https:\/\/aus-liebe-zum-pferd.de\/wp-content\/uploads\/2020\/03\/DSC04608.jpg 1024w, https:\/\/aus-liebe-zum-pferd.de\/wp-content\/uploads\/2020\/03\/DSC04608-300x225.jpg 300w, https:\/\/aus-liebe-zum-pferd.de\/wp-content\/uploads\/2020\/03\/DSC04608-768x576.jpg 768w\" sizes=\"(max-width: 1024px) 100vw, 1024px\" \/><div class=\"caption-wrap\"><div class=\"caption\">Theo auf der Jagd<\/div><\/div><\/li>\n                <li style=\"display: none; width: 100%;\" class=\"slide-773 ms-image\"><img width=\"1024\" height=\"768\" src=\"https:\/\/aus-liebe-zum-pferd.de\/wp-content\/uploads\/2020\/03\/DSC04270.jpg\" class=\"slider-605 slide-773\" alt=\"Clara und Theo\" loading=\"lazy\" rel=\"\" title=\"Clara und Theo\" style=\"margin: 0 auto; width: 100%\" srcset=\"https:\/\/aus-liebe-zum-pferd.de\/wp-content\/uploads\/2020\/03\/DSC04270.jpg 1024w, https:\/\/aus-liebe-zum-pferd.de\/wp-content\/uploads\/2020\/03\/DSC04270-300x225.jpg 300w, https:\/\/aus-liebe-zum-pferd.de\/wp-content\/uploads\/2020\/03\/DSC04270-768x576.jpg 768w\" sizes=\"(max-width: 1024px) 100vw, 1024px\" \/><div class=\"caption-wrap\"><div class=\"caption\">Tante Clara und Neffe Theo friedlich vereint<\/div><\/div><\/li>\n                <li style=\"display: none; width: 100%;\" class=\"slide-774 ms-image\"><img width=\"1024\" height=\"768\" src=\"https:\/\/aus-liebe-zum-pferd.de\/wp-content\/uploads\/2020\/03\/DSC04250.jpg\" class=\"slider-605 slide-774\" alt=\"Clara und Theo\" loading=\"lazy\" rel=\"\" title=\"Clara und Theo\" style=\"margin: 0 auto; width: 100%\" srcset=\"https:\/\/aus-liebe-zum-pferd.de\/wp-content\/uploads\/2020\/03\/DSC04250.jpg 1024w, https:\/\/aus-liebe-zum-pferd.de\/wp-content\/uploads\/2020\/03\/DSC04250-300x225.jpg 300w, https:\/\/aus-liebe-zum-pferd.de\/wp-content\/uploads\/2020\/03\/DSC04250-768x576.jpg 768w\" sizes=\"(max-width: 1024px) 100vw, 1024px\" \/><div class=\"caption-wrap\"><div class=\"caption\">Clara und Theo rechtschaffen m\u00fcde<\/div><\/div><\/li>\n            <\/ul>\n        <\/div>\n        \n    <\/div>\n<\/div><\/div>\n","protected":false},"excerpt":{"rendered":"<div class=\"entry-summary\">\n&#8222;Aus Liebe zum Pferd&#8220; war und ist unser Motto im Umgang mit unseren Tieren. Wir haben uns der artgerechten Tierhaltung verschrieben. Artgerecht bedeutet, da\u00df die artspezifischen Bed\u00fcrfnisse der Pferde auch bei der Haltung in einer zivilisierten und kultivierten Umgebung m\u00f6glichst&hellip;\n<\/div>\n<div class=\"link-more\"><a href=\"https:\/\/aus-liebe-zum-pferd.de\/\" class=\"more-link\">Continue reading<span class=\"screen-reader-text\"> &ldquo;Aus Liebe zum Pferd&rdquo;<\/span>&hellip;<\/a><\/div>\n","protected":false},"author":1,"featured_media":0,"parent":0,"menu_order":0,"comment_status":"closed","ping_status":"closed","template":"","meta":[],"_links":{"self":[{"href":"https:\/\/aus-liebe-zum-pferd.de\/index.php?rest_route=\/wp\/v2\/pages\/4"}],"collection":[{"href":"https:\/\/aus-liebe-zum-pferd.de\/index.php?rest_route=\/wp\/v2\/pages"}],"about":[{"href":"https:\/\/aus-liebe-zum-pferd.de\/index.php?rest_route=\/wp\/v2\/types\/page"}],"author":[{"embeddable":true,"href":"https:\/\/aus-liebe-zum-pferd.de\/index.php?rest_route=\/wp\/v2\/users\/1"}],"replies":[{"embeddable":true,"href":"https:\/\/aus-liebe-zum-pferd.de\/index.php?rest_route=%2Fwp%2Fv2%2Fcomments&post=4"}],"version-history":[{"count":22,"href":"https:\/\/aus-liebe-zum-pferd.de\/index.php?rest_route=\/wp\/v2\/pages\/4\/revisions"}],"predecessor-version":[{"id":775,"href":"https:\/\/aus-liebe-zum-pferd.de\/index.php?rest_route=\/wp\/v2\/pages\/4\/revisions\/775"}],"wp:attachment":[{"href":"https:\/\/aus-liebe-zum-pferd.de\/index.php?rest_route=%2Fwp%2Fv2%2Fmedia&parent=4"}],"curies":[{"name":"wp","href":"https:\/\/api.w.org\/{rel}","templated":true}]}}