{"id":22,"date":"2018-02-27T10:37:46","date_gmt":"2018-02-27T10:37:46","guid":{"rendered":"http:\/\/aus-liebe-zum-pferd.de\/?page_id=22"},"modified":"2021-02-08T10:10:38","modified_gmt":"2021-02-08T10:10:38","slug":"licht-luft-und-bewegung","status":"publish","type":"page","link":"https:\/\/aus-liebe-zum-pferd.de\/?page_id=22","title":{"rendered":"Licht, Luft und Bewegung"},"content":{"rendered":"\n<h4>Licht und Luft<\/h4>\n\n\n\n<figure class=\"wp-block-gallery aligncenter columns-1 is-cropped\"><ul class=\"blocks-gallery-grid\"><li class=\"blocks-gallery-item\"><figure><img loading=\"lazy\" width=\"1024\" height=\"768\" src=\"http:\/\/aus-liebe-zum-pferd.de\/wp-content\/uploads\/2018\/02\/28-05-2008-9-1024x768.jpg\" alt=\"Koppel\" data-id=\"25\" data-full-url=\"http:\/\/aus-liebe-zum-pferd.de\/wp-content\/uploads\/2018\/02\/28-05-2008-9.jpg\" data-link=\"http:\/\/aus-liebe-zum-pferd.de\/?attachment_id=25\" class=\"wp-image-25\" srcset=\"https:\/\/aus-liebe-zum-pferd.de\/wp-content\/uploads\/2018\/02\/28-05-2008-9-1024x768.jpg 1024w, https:\/\/aus-liebe-zum-pferd.de\/wp-content\/uploads\/2018\/02\/28-05-2008-9-600x450.jpg 600w, https:\/\/aus-liebe-zum-pferd.de\/wp-content\/uploads\/2018\/02\/28-05-2008-9-300x225.jpg 300w, https:\/\/aus-liebe-zum-pferd.de\/wp-content\/uploads\/2018\/02\/28-05-2008-9-768x576.jpg 768w, https:\/\/aus-liebe-zum-pferd.de\/wp-content\/uploads\/2018\/02\/28-05-2008-9.jpg 2048w\" sizes=\"(max-width: 1024px) 100vw, 1024px\" \/><figcaption class=\"blocks-gallery-item__caption\">Das Leben auf gro\u00dfen Fl\u00e4chen<\/figcaption><\/figure><\/li><\/ul><\/figure>\n\n\n\n<p>Licht, Luft und Bewegung sind Grundbed\u00fcrfnisse aller Pferde. Das nat\u00fcrliche Licht der Sonne ist z.B. notwendig zur Bildung lebenswichtiger Vitamine.<\/p>\n\n\n\n<p>F\u00fcr das Lauftier Pferd ist das Angebot an sauberer Luft entscheidend zur Gesunderhaltung. Genauso wichtig ist die ausreichende Bewegung f\u00fcr Lunge, Verdauung und Gelenke. Von Natur aus ist es \u00fcber Stunden mit der Futteraufnahme besch\u00e4ftigt. Dazu ist es entscheidend, da\u00df gen\u00fcgend Fl\u00e4che zur Verf\u00fcgung steht, \u00fcber die die Pferde ziehen k\u00f6nnen und dabei immer wieder fressen.<\/p>\n\n\n\n<figure class=\"wp-block-gallery columns-1 is-cropped\"><ul class=\"blocks-gallery-grid\"><li class=\"blocks-gallery-item\"><figure><img loading=\"lazy\" width=\"1024\" height=\"768\" src=\"http:\/\/aus-liebe-zum-pferd.de\/wp-content\/uploads\/2018\/02\/P1060422-1024x768.jpg\" alt=\"Wintersonne\" data-id=\"26\" data-full-url=\"http:\/\/aus-liebe-zum-pferd.de\/wp-content\/uploads\/2018\/02\/P1060422.jpg\" data-link=\"http:\/\/aus-liebe-zum-pferd.de\/?attachment_id=26\" class=\"wp-image-26\" srcset=\"https:\/\/aus-liebe-zum-pferd.de\/wp-content\/uploads\/2018\/02\/P1060422-1024x768.jpg 1024w, https:\/\/aus-liebe-zum-pferd.de\/wp-content\/uploads\/2018\/02\/P1060422-600x450.jpg 600w, https:\/\/aus-liebe-zum-pferd.de\/wp-content\/uploads\/2018\/02\/P1060422-300x225.jpg 300w, https:\/\/aus-liebe-zum-pferd.de\/wp-content\/uploads\/2018\/02\/P1060422-768x576.jpg 768w\" sizes=\"(max-width: 1024px) 100vw, 1024px\" \/><figcaption class=\"blocks-gallery-item__caption\">Pferde genie\u00dfen die Wintersonne<\/figcaption><\/figure><\/li><\/ul><\/figure>\n\n\n\n<figure class=\"wp-block-gallery alignright columns-0 is-cropped\"><ul class=\"blocks-gallery-grid\"><\/ul><\/figure>\n\n\n\n<p>Klimareize sind f\u00fcr die Gesundheit und das Wohlbefinden der Pferde von entscheidender Bedeutung. Gerade K\u00e4lte im Winter, die mit trockener Luft einhergeht, genie\u00dfen sie. Au\u00dferdem wird in der dunklen Jahreszeit jeder Sonnenstrahl genutzt &#8211; bei uns k\u00f6nnen sie sich ihren Standort selbst frei w\u00e4hlen.<br>Schlechtes Wetter wird von ihnen oft anders eingesch\u00e4tzt als von uns Menschen. Vor Wetterunbilden wie Gewitter mit Hagel oder pl\u00f6tzlich einsetzender Schneesturm suchen Sie Schutz im Stall. Bei schw\u00fcl-warmem Wetter genie\u00dfen sie aber den warmen Sommerregen und gehen auf die Koppel.<\/p>\n\n\n\n<figure class=\"wp-block-gallery alignleft columns-1 is-cropped\"><ul class=\"blocks-gallery-grid\"><li class=\"blocks-gallery-item\"><figure><img loading=\"lazy\" width=\"768\" height=\"1024\" src=\"http:\/\/aus-liebe-zum-pferd.de\/wp-content\/uploads\/2018\/03\/14-07-2010-4-1-768x1024.jpg\" alt=\"\" data-id=\"585\" data-full-url=\"http:\/\/aus-liebe-zum-pferd.de\/wp-content\/uploads\/2018\/03\/14-07-2010-4-1.jpg\" data-link=\"http:\/\/aus-liebe-zum-pferd.de\/?attachment_id=585\" class=\"wp-image-585\" srcset=\"https:\/\/aus-liebe-zum-pferd.de\/wp-content\/uploads\/2018\/03\/14-07-2010-4-1-768x1024.jpg 768w, https:\/\/aus-liebe-zum-pferd.de\/wp-content\/uploads\/2018\/03\/14-07-2010-4-1-225x300.jpg 225w, https:\/\/aus-liebe-zum-pferd.de\/wp-content\/uploads\/2018\/03\/14-07-2010-4-1-600x800.jpg 600w\" sizes=\"(max-width: 768px) 100vw, 768px\" \/><figcaption class=\"blocks-gallery-item__caption\">frisch eingestreut<\/figcaption><\/figure><\/li><\/ul><\/figure>\n\n\n\n<h4>&nbsp;<\/h4>\n\n\n\n<h4>&nbsp;<\/h4>\n\n\n\n<h4>&nbsp;<\/h4>\n\n\n\n<h4>&nbsp;<\/h4>\n\n\n\n<h4>&nbsp;<\/h4>\n\n\n\n<h4>&nbsp;<\/h4>\n\n\n\n<h4>Bewegung<\/h4>\n\n\n\n<p>Durch die ganzj\u00e4hrige Bereitstellung gro\u00dfer Weidefl\u00e4chen, die die Pferde nach ihren W\u00fcnschen in Anspruch nehmen k\u00f6nnen, wird die Bewegungsm\u00f6glichkeit gew\u00e4hrleistet. Da Pferde &#8211; wie Menschen auch &#8211; eher faul sind, bewegen sie sich nur soviel wie unbedingt n\u00f6tig. Wenn Futter und Wasser in relativ engen Bereichen angeboten werden, wird die Koppel nur in geringem Ma\u00dfe genutzt. Gerade in Zeiten, wo nur wenig w\u00e4chst wie z.B. im Winter. Es ist deshalb notwendig, Bewegung zu erzwingen. Dies gelingt am besten, wenn man die Funktionsbereiche &#8211; Fressen, Saufen, Ruhen &#8211; m\u00f6glichst weit von einander trennt. Durch Wege, die zwangsweise gegangen werden m\u00fcssen, sind sie miteinander verbunden.<\/p>\n\n\n<p>\n<!--StartFragment--><\/p>\n\n\n<figure class=\"wp-block-image size-large\"><img loading=\"lazy\" width=\"440\" height=\"330\" src=\"http:\/\/aus-liebe-zum-pferd.de\/wp-content\/uploads\/2018\/03\/dautz-nico.jpg\" alt=\"\" class=\"wp-image-192\" srcset=\"https:\/\/aus-liebe-zum-pferd.de\/wp-content\/uploads\/2018\/03\/dautz-nico.jpg 440w, https:\/\/aus-liebe-zum-pferd.de\/wp-content\/uploads\/2018\/03\/dautz-nico-300x225.jpg 300w\" sizes=\"(max-width: 440px) 100vw, 440px\" \/><figcaption>gemeinsam im Stall<\/figcaption><\/figure>\n\n\n\n<p>Bewegung mu\u00df nat\u00fcrlich immer auch mit entstprechenden Ruhepausen zur Entspannung kombiniert sein; Pferde k\u00f6nnen auch im Stehen ausruhen und Kr\u00e4fte sammeln, das Ablegen geh\u00f6rt aber zur richtigen Entspannung dazu. Durch die Trennung der Funktionsbereiche haben alle Pferde die M\u00f6glichkeit sich abzulegen und zu ruhen.<\/p>\n\n\n<p><!--StartFragment--><\/p>\n\n\n<div class=\"wp-block-image is-style-default\"><figure class=\"alignleft size-large\"><img loading=\"lazy\" width=\"1024\" height=\"701\" src=\"http:\/\/aus-liebe-zum-pferd.de\/wp-content\/uploads\/2018\/03\/Stampede-1-1024x701.jpg\" alt=\"\" class=\"wp-image-170\" srcset=\"https:\/\/aus-liebe-zum-pferd.de\/wp-content\/uploads\/2018\/03\/Stampede-1-1024x701.jpg 1024w, https:\/\/aus-liebe-zum-pferd.de\/wp-content\/uploads\/2018\/03\/Stampede-1-600x411.jpg 600w, https:\/\/aus-liebe-zum-pferd.de\/wp-content\/uploads\/2018\/03\/Stampede-1-300x205.jpg 300w, https:\/\/aus-liebe-zum-pferd.de\/wp-content\/uploads\/2018\/03\/Stampede-1-768x525.jpg 768w\" sizes=\"(max-width: 1024px) 100vw, 1024px\" \/><figcaption>Stampede<\/figcaption><\/figure><\/div>\n\n\n\n<p>Bewegung ist f\u00fcr Pferde ein ganz entscheidender Punkt zur Erhaltung der Gesundheit. Nicht immer sind sie zu solcher Bewegung aufgelegt, daf\u00fcr sind solche Momente umso eindrucksvoller. Im allgemeinen sieht die Bewegung allerdings anders aus: langsame Vorw\u00e4rtsbewegung im Schritt mit gesenktem Kopf.<br>Nicht nur f\u00fcr die gro\u00df ausgebildeten Lungen, die im Fall einer notwendigen Flucht lebensnotwendig sind, auch f\u00fcr die Verdauung ist eine gleichm\u00e4\u00dfige kontinuierliche Bewegung an der frischen Luft notwendig.<\/p>\n","protected":false},"excerpt":{"rendered":"<div class=\"entry-summary\">\nLicht und Luft Licht, Luft und Bewegung sind Grundbed\u00fcrfnisse aller Pferde. Das nat\u00fcrliche Licht der Sonne ist z.B. notwendig zur Bildung lebenswichtiger Vitamine. F\u00fcr das Lauftier Pferd ist das Angebot an sauberer Luft entscheidend zur Gesunderhaltung. Genauso wichtig ist die&hellip;\n<\/div>\n<div class=\"link-more\"><a href=\"https:\/\/aus-liebe-zum-pferd.de\/?page_id=22\" class=\"more-link\">Continue reading<span class=\"screen-reader-text\"> &ldquo;Licht, Luft und Bewegung&rdquo;<\/span>&hellip;<\/a><\/div>\n","protected":false},"author":1,"featured_media":0,"parent":697,"menu_order":1,"comment_status":"closed","ping_status":"closed","template":"","meta":[],"_links":{"self":[{"href":"https:\/\/aus-liebe-zum-pferd.de\/index.php?rest_route=\/wp\/v2\/pages\/22"}],"collection":[{"href":"https:\/\/aus-liebe-zum-pferd.de\/index.php?rest_route=\/wp\/v2\/pages"}],"about":[{"href":"https:\/\/aus-liebe-zum-pferd.de\/index.php?rest_route=\/wp\/v2\/types\/page"}],"author":[{"embeddable":true,"href":"https:\/\/aus-liebe-zum-pferd.de\/index.php?rest_route=\/wp\/v2\/users\/1"}],"replies":[{"embeddable":true,"href":"https:\/\/aus-liebe-zum-pferd.de\/index.php?rest_route=%2Fwp%2Fv2%2Fcomments&post=22"}],"version-history":[{"count":33,"href":"https:\/\/aus-liebe-zum-pferd.de\/index.php?rest_route=\/wp\/v2\/pages\/22\/revisions"}],"predecessor-version":[{"id":877,"href":"https:\/\/aus-liebe-zum-pferd.de\/index.php?rest_route=\/wp\/v2\/pages\/22\/revisions\/877"}],"up":[{"embeddable":true,"href":"https:\/\/aus-liebe-zum-pferd.de\/index.php?rest_route=\/wp\/v2\/pages\/697"}],"wp:attachment":[{"href":"https:\/\/aus-liebe-zum-pferd.de\/index.php?rest_route=%2Fwp%2Fv2%2Fmedia&parent=22"}],"curies":[{"name":"wp","href":"https:\/\/api.w.org\/{rel}","templated":true}]}}